{"id":9,"date":"2018-02-15T21:35:45","date_gmt":"2018-02-15T20:35:45","guid":{"rendered":"http:\/\/echodefemmes.nohost.me\/?page_id=9"},"modified":"2020-10-28T03:30:12","modified_gmt":"2020-10-28T02:30:12","slug":"contact","status":"publish","type":"page","link":"https:\/\/echodefemmes.nohost.me\/index.php\/contact\/","title":{"rendered":"Contact"},"content":{"rendered":"<p><span style=\"font-family: 'book antiqua', palatino, serif; font-size: 14pt;\">N&rsquo;h\u00e9sitez pas \u00e0 m&rsquo;\u00e9crire :\u00a0<a href=\"mailto:echodefemmes@free.fr\">echodefemmes@free.fr<\/a><\/span><\/p>\n<p><span style=\"font-family: 'book antiqua', palatino, serif; font-size: 14pt;\">Je recevrez vos mots avec joie et simplicit\u00e9&#8230; Et je vous r\u00e9pondrai avec sinc\u00e9rit\u00e9.<\/span><\/p>\n<p>&nbsp;<\/p>\n<p>&nbsp;<\/p>\n","protected":false},"excerpt":{"rendered":"<p>N&rsquo;h\u00e9sitez pas \u00e0 m&rsquo;\u00e9crire :\u00a0echodefemmes@free.fr Je recevrez vos mots avec joie et simplicit\u00e9&#8230; Et je vous r\u00e9pondrai avec sinc\u00e9rit\u00e9. &nbsp; &nbsp;<\/p>\n","protected":false},"author":1,"featured_media":0,"parent":0,"menu_order":0,"comment_status":"closed","ping_status":"closed","template":"","meta":{"footnotes":""},"class_list":["post-9","page","type-page","status-publish","hentry"],"post_mailing_queue_ids":[],"_links":{"self":[{"href":"https:\/\/echodefemmes.nohost.me\/index.php\/wp-json\/wp\/v2\/pages\/9","targetHints":{"allow":["GET"]}}],"collection":[{"href":"https:\/\/echodefemmes.nohost.me\/index.php\/wp-json\/wp\/v2\/pages"}],"about":[{"href":"https:\/\/echodefemmes.nohost.me\/index.php\/wp-json\/wp\/v2\/types\/page"}],"author":[{"embeddable":true,"href":"https:\/\/echodefemmes.nohost.me\/index.php\/wp-json\/wp\/v2\/users\/1"}],"replies":[{"embeddable":true,"href":"https:\/\/echodefemmes.nohost.me\/index.php\/wp-json\/wp\/v2\/comments?post=9"}],"version-history":[{"count":39,"href":"https:\/\/echodefemmes.nohost.me\/index.php\/wp-json\/wp\/v2\/pages\/9\/revisions"}],"predecessor-version":[{"id":976,"href":"https:\/\/echodefemmes.nohost.me\/index.php\/wp-json\/wp\/v2\/pages\/9\/revisions\/976"}],"wp:attachment":[{"href":"https:\/\/echodefemmes.nohost.me\/index.php\/wp-json\/wp\/v2\/media?parent=9"}],"curies":[{"name":"wp","href":"https:\/\/api.w.org\/{rel}","templated":true}]}}